{"id":2674,"date":"2026-03-07T08:00:27","date_gmt":"2026-03-07T08:00:27","guid":{"rendered":"https:\/\/suedtirolerfrau.it\/?page_id=2674"},"modified":"2026-03-11T10:43:34","modified_gmt":"2026-03-11T10:43:34","slug":"gewinnspiele","status":"publish","type":"page","link":"https:\/\/suedtirolerfrau.it\/de\/gewinnspiele\/","title":{"rendered":"Fr\u00fchlingsaktion"},"content":{"rendered":"<h2><img loading=\"lazy\" decoding=\"async\" class=\"alignleft size-full wp-image-6686\" src=\"https:\/\/suedtirolerfrau.it\/wp-content\/uploads\/2026\/03\/Frau_Fru\u2560ehlingsaktion_2026_Facebook_851x315px_GP.jpg\" alt=\"\" width=\"851\" height=\"315\" srcset=\"https:\/\/suedtirolerfrau.it\/wp-content\/uploads\/2026\/03\/Frau_Fru\u2560ehlingsaktion_2026_Facebook_851x315px_GP.jpg 851w, https:\/\/suedtirolerfrau.it\/wp-content\/uploads\/2026\/03\/Frau_Fru\u2560ehlingsaktion_2026_Facebook_851x315px_GP-350x130.jpg 350w\" sizes=\"auto, (max-width: 851px) 100vw, 851px\" \/><\/h2>\n<h2><\/h2>\n<h2><\/h2>\n<h2><\/h2>\n<h2><\/h2>\n<h2><\/h2>\n<h2><\/h2>\n<p>&nbsp;<\/p>\n<p>Im Rahmen unserer Fr\u00fchlingsaktion k\u00f6nnen Sie das Jahresabonnement der Zeitschrift \u201eDie S\u00fcdtiroler Frau\u201c zum Sonderpreis abschlie\u00dfen:<\/p>\n<ul>\n<li>das Print-Abonnement erhalten Sie f\u00fcr 54,90 \u20ac statt 76,00 \u20ac<\/li>\n<li>das Digital-Abonnement erhalten Sie f\u00fcr 42,90 \u20ac statt 63,00 \u20ac.<\/li>\n<\/ul>\n<p>Noch kein Abo? <a href=\"https:\/\/abo.athesiamedien.com\/epaper\/product_groups\/FD-FR%C3%9CHLINGSAKTION?offer=true&amp;mtm_campaign=F_frau%20fruehlingsaktion_social%20media_werbekampagne__ver1&amp;mtm_kwd=ver1&amp;mtm_source=social%20media&amp;mtm_medium=werbekampagne&amp;mtm_cid=37&amp;mtm_group=frau&amp;mtm_campaign=F_frau%20fruehlingsaktion2025_webseite_artikel__ver1&amp;mtm_kwd=ver1&amp;mtm_source=website&amp;mtm_medium=artikel&amp;mtm_cid=37&amp;mtm_group=frau\" target=\"_blank\" rel=\"noopener\">Jetzt abschlie\u00dfen<\/a> und \u00fcber 20\u20ac sparen!<\/p>\n<p>F\u00fcr weitere Informationen steht Ihnen unser Leserservice zur Verf\u00fcgung:<br \/>\nTel. 0471\/925590 oder E-Mail an <a href=\"mailto:leserservice@athesia.it\">leserservice@athesia.it<\/a>.<\/p>\n<p>G\u00f6nnen Sie sich ein Jahr voller Lesegenuss zum Vorteilspreis!<\/p>\n<p>Angebot g\u00fcltig nur f\u00fcr Neuabonnements ohne Abbestellung in den letzten 6 Monaten. Dies gilt f\u00fcr den gesamten Haushalt. Das Abonnement l\u00e4uft automatisch aus \u2013 keine Abbestellung notwendig. Das Angebot f\u00fcr das Print-Abo gilt nur im Inland.<\/p>\n<p style=\"text-align: left;\">\n<p>&nbsp;<\/p>\n<p>&nbsp;<\/p>\n<p>&nbsp;<\/p>\n","protected":false},"excerpt":{"rendered":"<p>&nbsp; Im Rahmen unserer Fr\u00fchlingsaktion k\u00f6nnen Sie das Jahresabonnement der Zeitschrift \u201eDie S\u00fcdtiroler Frau\u201c zum Sonderpreis abschlie\u00dfen: das Print-Abonnement erhalten&#8230;<\/p>\n","protected":false},"author":2,"featured_media":6495,"parent":0,"menu_order":0,"comment_status":"closed","ping_status":"closed","template":"","meta":{"_acf_changed":false,"footnotes":""},"class_list":["post-2674","page","type-page","status-publish","has-post-thumbnail","hentry"],"acf":[],"yoast_head":"<!-- This site is optimized with the Yoast SEO plugin v27.6 - https:\/\/yoast.com\/product\/yoast-seo-wordpress\/ -->\n<title>Fr\u00fchlingsaktion - \u201eDie S\u00fcdtiroler Frau\u201c<\/title>\n<meta name=\"robots\" content=\"index, follow, max-snippet:-1, max-image-preview:large, max-video-preview:-1\" \/>\n<link rel=\"canonical\" href=\"https:\/\/suedtirolerfrau.it\/de\/gewinnspiele\/\" \/>\n<meta property=\"og:locale\" content=\"de_DE\" \/>\n<meta property=\"og:type\" content=\"article\" \/>\n<meta property=\"og:title\" content=\"Fr\u00fchlingsaktion - \u201eDie S\u00fcdtiroler Frau\u201c\" \/>\n<meta property=\"og:description\" content=\"&nbsp; Im Rahmen unserer Fr\u00fchlingsaktion k\u00f6nnen Sie das Jahresabonnement der Zeitschrift \u201eDie S\u00fcdtiroler Frau\u201c zum Sonderpreis abschlie\u00dfen: das Print-Abonnement erhalten...\" \/>\n<meta property=\"og:url\" content=\"https:\/\/suedtirolerfrau.it\/de\/gewinnspiele\/\" \/>\n<meta property=\"og:site_name\" content=\"\u201eDie S\u00fcdtiroler Frau\u201c\" \/>\n<meta property=\"article:modified_time\" content=\"2026-03-11T10:43:34+00:00\" \/>\n<meta property=\"og:image\" content=\"https:\/\/suedtirolerfrau.it\/wp-content\/uploads\/2025\/10\/Treuepraemie_Gassenhof_1920x1080px_FV.jpg\" \/>\n\t<meta property=\"og:image:width\" content=\"1920\" \/>\n\t<meta property=\"og:image:height\" content=\"1080\" \/>\n\t<meta property=\"og:image:type\" content=\"image\/jpeg\" \/>\n<meta name=\"twitter:card\" content=\"summary_large_image\" \/>\n<meta name=\"twitter:label1\" content=\"Gesch\u00e4tzte Lesezeit\" \/>\n\t<meta name=\"twitter:data1\" content=\"2\u00a0Minuten\" \/>\n<script type=\"application\/ld+json\" class=\"yoast-schema-graph\">{\"@context\":\"https:\\\/\\\/schema.org\",\"@graph\":[{\"@type\":\"WebPage\",\"@id\":\"https:\\\/\\\/suedtirolerfrau.it\\\/de\\\/gewinnspiele\\\/\",\"url\":\"https:\\\/\\\/suedtirolerfrau.it\\\/de\\\/gewinnspiele\\\/\",\"name\":\"Fr\u00fchlingsaktion - \u201eDie S\u00fcdtiroler Frau\u201c\",\"isPartOf\":{\"@id\":\"https:\\\/\\\/suedtirolerfrau.it\\\/de\\\/#website\"},\"primaryImageOfPage\":{\"@id\":\"https:\\\/\\\/suedtirolerfrau.it\\\/de\\\/gewinnspiele\\\/#primaryimage\"},\"image\":{\"@id\":\"https:\\\/\\\/suedtirolerfrau.it\\\/de\\\/gewinnspiele\\\/#primaryimage\"},\"thumbnailUrl\":\"https:\\\/\\\/suedtirolerfrau.it\\\/wp-content\\\/uploads\\\/2025\\\/10\\\/Treuepraemie_Gassenhof_1920x1080px_FV.jpg\",\"datePublished\":\"2026-03-07T08:00:27+00:00\",\"dateModified\":\"2026-03-11T10:43:34+00:00\",\"breadcrumb\":{\"@id\":\"https:\\\/\\\/suedtirolerfrau.it\\\/de\\\/gewinnspiele\\\/#breadcrumb\"},\"inLanguage\":\"de\",\"potentialAction\":[{\"@type\":\"ReadAction\",\"target\":[\"https:\\\/\\\/suedtirolerfrau.it\\\/de\\\/gewinnspiele\\\/\"]}]},{\"@type\":\"ImageObject\",\"inLanguage\":\"de\",\"@id\":\"https:\\\/\\\/suedtirolerfrau.it\\\/de\\\/gewinnspiele\\\/#primaryimage\",\"url\":\"https:\\\/\\\/suedtirolerfrau.it\\\/wp-content\\\/uploads\\\/2025\\\/10\\\/Treuepraemie_Gassenhof_1920x1080px_FV.jpg\",\"contentUrl\":\"https:\\\/\\\/suedtirolerfrau.it\\\/wp-content\\\/uploads\\\/2025\\\/10\\\/Treuepraemie_Gassenhof_1920x1080px_FV.jpg\",\"width\":1920,\"height\":1080},{\"@type\":\"BreadcrumbList\",\"@id\":\"https:\\\/\\\/suedtirolerfrau.it\\\/de\\\/gewinnspiele\\\/#breadcrumb\",\"itemListElement\":[{\"@type\":\"ListItem\",\"position\":1,\"name\":\"Startseite\",\"item\":\"https:\\\/\\\/suedtirolerfrau.it\\\/de\\\/\"},{\"@type\":\"ListItem\",\"position\":2,\"name\":\"Fr\u00fchlingsaktion\"}]},{\"@type\":\"WebSite\",\"@id\":\"https:\\\/\\\/suedtirolerfrau.it\\\/de\\\/#website\",\"url\":\"https:\\\/\\\/suedtirolerfrau.it\\\/de\\\/\",\"name\":\"\u201eDie S\u00fcdtiroler Frau\u201c\",\"description\":\"Die Zeitschrift f\u00fcr die S\u00fcdtirolerin\",\"potentialAction\":[{\"@type\":\"SearchAction\",\"target\":{\"@type\":\"EntryPoint\",\"urlTemplate\":\"https:\\\/\\\/suedtirolerfrau.it\\\/de\\\/?s={search_term_string}\"},\"query-input\":{\"@type\":\"PropertyValueSpecification\",\"valueRequired\":true,\"valueName\":\"search_term_string\"}}],\"inLanguage\":\"de\"}]}<\/script>\n<!-- \/ Yoast SEO plugin. -->","yoast_head_json":{"title":"Fr\u00fchlingsaktion - \u201eDie S\u00fcdtiroler Frau\u201c","robots":{"index":"index","follow":"follow","max-snippet":"max-snippet:-1","max-image-preview":"max-image-preview:large","max-video-preview":"max-video-preview:-1"},"canonical":"https:\/\/suedtirolerfrau.it\/de\/gewinnspiele\/","og_locale":"de_DE","og_type":"article","og_title":"Fr\u00fchlingsaktion - \u201eDie S\u00fcdtiroler Frau\u201c","og_description":"&nbsp; Im Rahmen unserer Fr\u00fchlingsaktion k\u00f6nnen Sie das Jahresabonnement der Zeitschrift \u201eDie S\u00fcdtiroler Frau\u201c zum Sonderpreis abschlie\u00dfen: das Print-Abonnement erhalten...","og_url":"https:\/\/suedtirolerfrau.it\/de\/gewinnspiele\/","og_site_name":"\u201eDie S\u00fcdtiroler Frau\u201c","article_modified_time":"2026-03-11T10:43:34+00:00","og_image":[{"width":1920,"height":1080,"url":"https:\/\/suedtirolerfrau.it\/wp-content\/uploads\/2025\/10\/Treuepraemie_Gassenhof_1920x1080px_FV.jpg","type":"image\/jpeg"}],"twitter_card":"summary_large_image","twitter_misc":{"Gesch\u00e4tzte Lesezeit":"2\u00a0Minuten"},"schema":{"@context":"https:\/\/schema.org","@graph":[{"@type":"WebPage","@id":"https:\/\/suedtirolerfrau.it\/de\/gewinnspiele\/","url":"https:\/\/suedtirolerfrau.it\/de\/gewinnspiele\/","name":"Fr\u00fchlingsaktion - \u201eDie S\u00fcdtiroler Frau\u201c","isPartOf":{"@id":"https:\/\/suedtirolerfrau.it\/de\/#website"},"primaryImageOfPage":{"@id":"https:\/\/suedtirolerfrau.it\/de\/gewinnspiele\/#primaryimage"},"image":{"@id":"https:\/\/suedtirolerfrau.it\/de\/gewinnspiele\/#primaryimage"},"thumbnailUrl":"https:\/\/suedtirolerfrau.it\/wp-content\/uploads\/2025\/10\/Treuepraemie_Gassenhof_1920x1080px_FV.jpg","datePublished":"2026-03-07T08:00:27+00:00","dateModified":"2026-03-11T10:43:34+00:00","breadcrumb":{"@id":"https:\/\/suedtirolerfrau.it\/de\/gewinnspiele\/#breadcrumb"},"inLanguage":"de","potentialAction":[{"@type":"ReadAction","target":["https:\/\/suedtirolerfrau.it\/de\/gewinnspiele\/"]}]},{"@type":"ImageObject","inLanguage":"de","@id":"https:\/\/suedtirolerfrau.it\/de\/gewinnspiele\/#primaryimage","url":"https:\/\/suedtirolerfrau.it\/wp-content\/uploads\/2025\/10\/Treuepraemie_Gassenhof_1920x1080px_FV.jpg","contentUrl":"https:\/\/suedtirolerfrau.it\/wp-content\/uploads\/2025\/10\/Treuepraemie_Gassenhof_1920x1080px_FV.jpg","width":1920,"height":1080},{"@type":"BreadcrumbList","@id":"https:\/\/suedtirolerfrau.it\/de\/gewinnspiele\/#breadcrumb","itemListElement":[{"@type":"ListItem","position":1,"name":"Startseite","item":"https:\/\/suedtirolerfrau.it\/de\/"},{"@type":"ListItem","position":2,"name":"Fr\u00fchlingsaktion"}]},{"@type":"WebSite","@id":"https:\/\/suedtirolerfrau.it\/de\/#website","url":"https:\/\/suedtirolerfrau.it\/de\/","name":"\u201eDie S\u00fcdtiroler Frau\u201c","description":"Die Zeitschrift f\u00fcr die S\u00fcdtirolerin","potentialAction":[{"@type":"SearchAction","target":{"@type":"EntryPoint","urlTemplate":"https:\/\/suedtirolerfrau.it\/de\/?s={search_term_string}"},"query-input":{"@type":"PropertyValueSpecification","valueRequired":true,"valueName":"search_term_string"}}],"inLanguage":"de"}]}},"_links":{"self":[{"href":"https:\/\/suedtirolerfrau.it\/de\/wp-json\/wp\/v2\/pages\/2674","targetHints":{"allow":["GET"]}}],"collection":[{"href":"https:\/\/suedtirolerfrau.it\/de\/wp-json\/wp\/v2\/pages"}],"about":[{"href":"https:\/\/suedtirolerfrau.it\/de\/wp-json\/wp\/v2\/types\/page"}],"author":[{"embeddable":true,"href":"https:\/\/suedtirolerfrau.it\/de\/wp-json\/wp\/v2\/users\/2"}],"replies":[{"embeddable":true,"href":"https:\/\/suedtirolerfrau.it\/de\/wp-json\/wp\/v2\/comments?post=2674"}],"version-history":[{"count":34,"href":"https:\/\/suedtirolerfrau.it\/de\/wp-json\/wp\/v2\/pages\/2674\/revisions"}],"predecessor-version":[{"id":6694,"href":"https:\/\/suedtirolerfrau.it\/de\/wp-json\/wp\/v2\/pages\/2674\/revisions\/6694"}],"wp:featuredmedia":[{"embeddable":true,"href":"https:\/\/suedtirolerfrau.it\/de\/wp-json\/wp\/v2\/media\/6495"}],"wp:attachment":[{"href":"https:\/\/suedtirolerfrau.it\/de\/wp-json\/wp\/v2\/media?parent=2674"}],"curies":[{"name":"wp","href":"https:\/\/api.w.org\/{rel}","templated":true}]}}